{"id":825,"date":"2023-05-10T05:44:49","date_gmt":"2023-05-10T04:44:49","guid":{"rendered":"https:\/\/exelnut.eu\/de-notre-ferme-a-votre-table\/"},"modified":"2024-02-01T16:11:12","modified_gmt":"2024-02-01T16:11:12","slug":"de-notre-ferme-a-votre-table","status":"publish","type":"page","link":"https:\/\/exelnut.eu\/fr\/de-notre-ferme-a-votre-table\/","title":{"rendered":"\u201cDe notre ferme \u00e0 votre table\u201d"},"content":{"rendered":"\t\t<div data-elementor-type=\"wp-page\" data-elementor-id=\"825\" class=\"elementor elementor-825 elementor-347\" data-elementor-post-type=\"page\">\n\t\t\t\t\t\t<section class=\"elementor-section elementor-top-section elementor-element elementor-element-55b94929 elementor-section-stretched elementor-section-boxed elementor-section-height-default elementor-section-height-default\" data-id=\"55b94929\" data-element_type=\"section\" data-e-type=\"section\" data-settings=\"{&quot;stretch_section&quot;:&quot;section-stretched&quot;,&quot;jet_parallax_layout_list&quot;:[],&quot;background_background&quot;:&quot;classic&quot;}\">\n\t\t\t\t\t\t<div class=\"elementor-container elementor-column-gap-default\">\n\t\t\t\t\t<div class=\"elementor-column elementor-col-100 elementor-top-column elementor-element elementor-element-2e2f1ec2\" data-id=\"2e2f1ec2\" data-element_type=\"column\" data-e-type=\"column\" data-settings=\"{&quot;background_background&quot;:&quot;classic&quot;}\">\n\t\t\t<div class=\"elementor-widget-wrap elementor-element-populated\">\n\t\t\t\t\t\t<div class=\"elementor-element elementor-element-34382ce elementor-widget elementor-widget-heading\" data-id=\"34382ce\" data-element_type=\"widget\" data-e-type=\"widget\" data-widget_type=\"heading.default\">\n\t\t\t\t<div class=\"elementor-widget-container\">\n\t\t\t\t\t<span class=\"elementor-heading-title elementor-size-default\">Nous connaissons et contr\u00f4lons chaque \u00e9tape de\nla production : culture des arbres, r\u00e9colte, transformation et stockage appropri\u00e9 des noix.<\/span>\t\t\t\t<\/div>\n\t\t\t\t<\/div>\n\t\t\t\t<section class=\"elementor-section elementor-inner-section elementor-element elementor-element-7def0510 elementor-section-boxed elementor-section-height-default elementor-section-height-default\" data-id=\"7def0510\" data-element_type=\"section\" data-e-type=\"section\" data-settings=\"{&quot;jet_parallax_layout_list&quot;:[]}\">\n\t\t\t\t\t\t<div class=\"elementor-container elementor-column-gap-wide\">\n\t\t\t\t\t<div class=\"elementor-column elementor-col-50 elementor-inner-column elementor-element elementor-element-4db54c4b\" data-id=\"4db54c4b\" data-element_type=\"column\" data-e-type=\"column\">\n\t\t\t<div class=\"elementor-widget-wrap elementor-element-populated\">\n\t\t\t\t\t\t<div class=\"elementor-element elementor-element-47fd4acd elementor-widget elementor-widget-heading\" data-id=\"47fd4acd\" data-element_type=\"widget\" data-e-type=\"widget\" data-widget_type=\"heading.default\">\n\t\t\t\t<div class=\"elementor-widget-container\">\n\t\t\t\t\t<h2 class=\"elementor-heading-title elementor-size-default\">Nous cultivons des arbres heureux<\/h2>\t\t\t\t<\/div>\n\t\t\t\t<\/div>\n\t\t\t\t<div class=\"elementor-element elementor-element-28519232 elementor-widget elementor-widget-text-editor\" data-id=\"28519232\" data-element_type=\"widget\" data-e-type=\"widget\" data-widget_type=\"text-editor.default\">\n\t\t\t\t<div class=\"elementor-widget-container\">\n\t\t\t\t\t\t\t\t\t<div class=\"p-3\">\n<p><strong>L&rsquo;agriculture est la base de notre activit\u00e9.<\/strong><\/p>\n<p>La m\u00e9decine et l&rsquo;agronomie sont des sciences tr\u00e8s similaires car elles traitent des organismes vivants.<br \/>Chaque jour, nous utilisons nos comp\u00e9tences m\u00e9dicales pour mieux comprendre et prendre soin de tous les besoins de nos noyers :<br \/>entretien et am\u00e9lioration des sols, choix des vari\u00e9t\u00e9s d&rsquo;arbres, optimisation des plantations et de la croissance, nutrition et approvisionnement en eau, d\u00e9tection et pr\u00e9vention des maladies et des ravageurs.<\/p>\n<p><strong>Nous sommes certifi\u00e9s Global Gap.<\/strong><\/p>\n<\/div>\n\t\t\t\t\t\t\t\t<\/div>\n\t\t\t\t<\/div>\n\t\t\t\t\t<\/div>\n\t\t<\/div>\n\t\t\t\t<div class=\"elementor-column elementor-col-50 elementor-inner-column elementor-element elementor-element-76358d39\" data-id=\"76358d39\" data-element_type=\"column\" data-e-type=\"column\" data-settings=\"{&quot;background_background&quot;:&quot;classic&quot;}\">\n\t\t\t<div class=\"elementor-widget-wrap elementor-element-populated\">\n\t\t\t\t\t\t<div class=\"elementor-element elementor-element-402b365 elementor-widget elementor-widget-spacer\" data-id=\"402b365\" data-element_type=\"widget\" data-e-type=\"widget\" data-widget_type=\"spacer.default\">\n\t\t\t\t<div class=\"elementor-widget-container\">\n\t\t\t\t\t\t\t<div class=\"elementor-spacer\">\n\t\t\t<div class=\"elementor-spacer-inner\"><\/div>\n\t\t<\/div>\n\t\t\t\t\t\t<\/div>\n\t\t\t\t<\/div>\n\t\t\t\t\t<\/div>\n\t\t<\/div>\n\t\t\t\t\t<\/div>\n\t\t<\/section>\n\t\t\t\t<section class=\"elementor-section elementor-inner-section elementor-element elementor-element-b7e1341 elementor-reverse-mobile elementor-section-boxed elementor-section-height-default elementor-section-height-default\" data-id=\"b7e1341\" data-element_type=\"section\" data-e-type=\"section\" data-settings=\"{&quot;jet_parallax_layout_list&quot;:[]}\">\n\t\t\t\t\t\t<div class=\"elementor-container elementor-column-gap-wide\">\n\t\t\t\t\t<div class=\"elementor-column elementor-col-50 elementor-inner-column elementor-element elementor-element-cef1f26\" data-id=\"cef1f26\" data-element_type=\"column\" data-e-type=\"column\" data-settings=\"{&quot;background_background&quot;:&quot;classic&quot;}\">\n\t\t\t<div class=\"elementor-widget-wrap elementor-element-populated\">\n\t\t\t\t\t\t<div class=\"elementor-element elementor-element-54337b4 elementor-widget elementor-widget-spacer\" data-id=\"54337b4\" data-element_type=\"widget\" data-e-type=\"widget\" data-widget_type=\"spacer.default\">\n\t\t\t\t<div class=\"elementor-widget-container\">\n\t\t\t\t\t\t\t<div class=\"elementor-spacer\">\n\t\t\t<div class=\"elementor-spacer-inner\"><\/div>\n\t\t<\/div>\n\t\t\t\t\t\t<\/div>\n\t\t\t\t<\/div>\n\t\t\t\t\t<\/div>\n\t\t<\/div>\n\t\t\t\t<div class=\"elementor-column elementor-col-50 elementor-inner-column elementor-element elementor-element-3b3cfba\" data-id=\"3b3cfba\" data-element_type=\"column\" data-e-type=\"column\">\n\t\t\t<div class=\"elementor-widget-wrap elementor-element-populated\">\n\t\t\t\t\t\t<div class=\"elementor-element elementor-element-7fbd68c elementor-widget elementor-widget-heading\" data-id=\"7fbd68c\" data-element_type=\"widget\" data-e-type=\"widget\" data-widget_type=\"heading.default\">\n\t\t\t\t<div class=\"elementor-widget-container\">\n\t\t\t\t\t<h2 class=\"elementor-heading-title elementor-size-default\">Les noix sont un tr\u00e9sor que nous prot\u00e9geons avec soin<\/h2>\t\t\t\t<\/div>\n\t\t\t\t<\/div>\n\t\t\t\t<div class=\"elementor-element elementor-element-6f5d112 elementor-widget elementor-widget-text-editor\" data-id=\"6f5d112\" data-element_type=\"widget\" data-e-type=\"widget\" data-widget_type=\"text-editor.default\">\n\t\t\t\t<div class=\"elementor-widget-container\">\n\t\t\t\t\t\t\t\t\t<div class=\"p-3\">\n<p><strong>\u00ab De l&rsquo;arbre \u00e0 la table \u00bb, nos noix saines doivent \u00eatre r\u00e9colt\u00e9es et transform\u00e9es rapidement.<\/strong><br \/><strong>Ensuite, elles doivent \u00eatre manipul\u00e9es et conserv\u00e9es dans le respect des r\u00e8gles d\u2019hygi\u00e8ne les plus strictes.<\/strong><\/p>\n<p><strong><span class=\"text-brown\">RAPIDIT\u00c9<\/span><\/strong><br \/>De l&rsquo;arbre au frigo en 72 heures maximum.<br \/>Ceci est essentiel pour conserver le meilleur go\u00fbt et la meilleure valeur nutritionnelle des noix.<\/p>\n<p><small>Pour cela, nous poss\u00e9dons :<br \/>\u2022 Plusieurs machines \u00e0 r\u00e9colter modernes et de la plus haute efficacit\u00e9.<br \/>\u2022 Une usine de traitement Wizard de nettoyage et de s\u00e9chage \u00e0 la pointe de la technologie, d&rsquo;une capacit\u00e9 de 15 tonnes par heure.<\/small><\/p>\n<p><span class=\"text-brown\"><strong>S\u00c9CURIT\u00c9 ALIMENTAIRE<\/strong><\/span><br \/>L&rsquo;hygi\u00e8ne est essentielle pour la sant\u00e9 : nous effectuons toutes les op\u00e9rations dans notre exploitation et nos installations en suivant rigoureusement les meilleures<br \/>pratiques de s\u00e9curit\u00e9 alimentaire.<\/p>\n<p>Notre usine de transformation a obtenu les certifications BRGC Food et IFS Food avec les scores les plus \u00e9lev\u00e9s.<\/p>\n<p><span class=\"text-brown\"><strong>AGRICULTURE SANS R\u00c9SIDUS<\/strong><\/span><br \/>Conform\u00e9ment \u00e0 notre engagement pour une agriculture responsable, nous avons choisi de cultiver selon les principes sans r\u00e9sidus, afin que nos noix ne contiennent aucun pesticide nocif.<\/p>\n<\/div>\n\t\t\t\t\t\t\t\t<\/div>\n\t\t\t\t<\/div>\n\t\t\t\t<div class=\"elementor-element elementor-element-b3b28c3 elementor-widget elementor-widget-button\" data-id=\"b3b28c3\" data-element_type=\"widget\" data-e-type=\"widget\" data-widget_type=\"button.default\">\n\t\t\t\t<div class=\"elementor-widget-container\">\n\t\t\t\t\t\t\t\t\t<div class=\"elementor-button-wrapper\">\n\t\t\t\t\t<a class=\"elementor-button elementor-button-link elementor-size-md\" href=\"https:\/\/exelnut.eu\/zero-residue-farming\/\">\n\t\t\t\t\t\t<span class=\"elementor-button-content-wrapper\">\n\t\t\t\t\t\t\t\t\t<span class=\"elementor-button-text\">En savoir plus sur l'agriculture sans r\u00e9sidus<\/span>\n\t\t\t\t\t<\/span>\n\t\t\t\t\t<\/a>\n\t\t\t\t<\/div>\n\t\t\t\t\t\t\t\t<\/div>\n\t\t\t\t<\/div>\n\t\t\t\t\t<\/div>\n\t\t<\/div>\n\t\t\t\t\t<\/div>\n\t\t<\/section>\n\t\t\t\t<section class=\"elementor-section elementor-inner-section elementor-element elementor-element-faa03b4 elementor-section-boxed elementor-section-height-default elementor-section-height-default\" data-id=\"faa03b4\" data-element_type=\"section\" data-e-type=\"section\" data-settings=\"{&quot;jet_parallax_layout_list&quot;:[]}\">\n\t\t\t\t\t\t<div class=\"elementor-container elementor-column-gap-wide\">\n\t\t\t\t\t<div class=\"elementor-column elementor-col-50 elementor-inner-column elementor-element elementor-element-8b4e1e4\" data-id=\"8b4e1e4\" data-element_type=\"column\" data-e-type=\"column\">\n\t\t\t<div class=\"elementor-widget-wrap elementor-element-populated\">\n\t\t\t\t\t\t<div class=\"elementor-element elementor-element-b3f7d2d elementor-widget elementor-widget-heading\" data-id=\"b3f7d2d\" data-element_type=\"widget\" data-e-type=\"widget\" data-widget_type=\"heading.default\">\n\t\t\t\t<div class=\"elementor-widget-container\">\n\t\t\t\t\t<h2 class=\"elementor-heading-title elementor-size-default\">Tirer pleinement profit des nouvelles technologies<\/h2>\t\t\t\t<\/div>\n\t\t\t\t<\/div>\n\t\t\t\t<div class=\"elementor-element elementor-element-88ece3c elementor-widget elementor-widget-text-editor\" data-id=\"88ece3c\" data-element_type=\"widget\" data-e-type=\"widget\" data-widget_type=\"text-editor.default\">\n\t\t\t\t<div class=\"elementor-widget-container\">\n\t\t\t\t\t\t\t\t\t<div class=\"p-3\">\n<div class=\"p-3\">\n<p>Forts de notre formation m\u00e9dicale, nous abordons d&rsquo;abord l&rsquo;agriculture par la m\u00e9thode scientifique : observation, analyse, confirmation d&rsquo;hypoth\u00e8se, plan d&rsquo;action.<br \/>Nous utilisons ensuite toutes les derni\u00e8res technologies disponibles pour am\u00e9liorer nos op\u00e9rations et r\u00e9soudre les probl\u00e8mes que nous rencontrons.<\/p>\n<\/div>\n<\/div>\n\t\t\t\t\t\t\t\t<\/div>\n\t\t\t\t<\/div>\n\t\t\t\t<div class=\"elementor-element elementor-element-88e8f5b elementor-widget elementor-widget-text-editor\" data-id=\"88e8f5b\" data-element_type=\"widget\" data-e-type=\"widget\" data-widget_type=\"text-editor.default\">\n\t\t\t\t<div class=\"elementor-widget-container\">\n\t\t\t\t\t\t\t\t\t<div class=\"p-3\">\n<div class=\"p-3\">\n<p><span class=\"font-12\">Quelques exemples :<\/span><br \/><span class=\"font-12\">\u2022 irrigation de pr\u00e9cision gr\u00e2ce \u00e0 des sondes de sol et des stations m\u00e9t\u00e9orologiques.<\/span><br \/><span class=\"font-12\">\u2022 le contr\u00f4le de la sant\u00e9 des plantes gr\u00e2ce aux images satellite et par drones.<\/span><br \/><span class=\"font-12\">\u2022 tri s\u00e9lectif des noix de moindre qualit\u00e9 au sein de la cha\u00eene de transformation, bas\u00e9 sur une technologie avanc\u00e9e de tri par couleur<\/span><\/p>\n<\/div>\n<\/div>\n\t\t\t\t\t\t\t\t<\/div>\n\t\t\t\t<\/div>\n\t\t\t\t\t<\/div>\n\t\t<\/div>\n\t\t\t\t<div class=\"elementor-column elementor-col-50 elementor-inner-column elementor-element elementor-element-7a2edb9\" data-id=\"7a2edb9\" data-element_type=\"column\" data-e-type=\"column\" data-settings=\"{&quot;background_background&quot;:&quot;classic&quot;}\">\n\t\t\t<div class=\"elementor-widget-wrap elementor-element-populated\">\n\t\t\t\t\t\t<div class=\"elementor-element elementor-element-be05686 elementor-widget elementor-widget-spacer\" data-id=\"be05686\" data-element_type=\"widget\" data-e-type=\"widget\" data-widget_type=\"spacer.default\">\n\t\t\t\t<div class=\"elementor-widget-container\">\n\t\t\t\t\t\t\t<div class=\"elementor-spacer\">\n\t\t\t<div class=\"elementor-spacer-inner\"><\/div>\n\t\t<\/div>\n\t\t\t\t\t\t<\/div>\n\t\t\t\t<\/div>\n\t\t\t\t\t<\/div>\n\t\t<\/div>\n\t\t\t\t\t<\/div>\n\t\t<\/section>\n\t\t\t\t\t<\/div>\n\t\t<\/div>\n\t\t\t\t\t<\/div>\n\t\t<\/section>\n\t\t\t\t<\/div>\n\t\t","protected":false},"excerpt":{"rendered":"<p>Nous connaissons et contr\u00f4lons chaque \u00e9tape de la production : culture des arbres, r\u00e9colte, transformation et stockage appropri\u00e9 des noix. Nous cultivons des arbres heureux L&rsquo;agriculture est la base de notre activit\u00e9. La m\u00e9decine et l&rsquo;agronomie sont des sciences tr\u00e8s similaires car elles traitent des organismes vivants.Chaque jour, nous utilisons nos comp\u00e9tences m\u00e9dicales pour mieux [&hellip;]<\/p>\n","protected":false},"author":1,"featured_media":608,"parent":0,"menu_order":0,"comment_status":"closed","ping_status":"closed","template":"","meta":{"_acf_changed":false,"footnotes":""},"class_list":["post-825","page","type-page","status-publish","has-post-thumbnail","hentry"],"acf":[],"_links":{"self":[{"href":"https:\/\/exelnut.eu\/fr\/wp-json\/wp\/v2\/pages\/825","targetHints":{"allow":["GET"]}}],"collection":[{"href":"https:\/\/exelnut.eu\/fr\/wp-json\/wp\/v2\/pages"}],"about":[{"href":"https:\/\/exelnut.eu\/fr\/wp-json\/wp\/v2\/types\/page"}],"author":[{"embeddable":true,"href":"https:\/\/exelnut.eu\/fr\/wp-json\/wp\/v2\/users\/1"}],"replies":[{"embeddable":true,"href":"https:\/\/exelnut.eu\/fr\/wp-json\/wp\/v2\/comments?post=825"}],"version-history":[{"count":1,"href":"https:\/\/exelnut.eu\/fr\/wp-json\/wp\/v2\/pages\/825\/revisions"}],"predecessor-version":[{"id":826,"href":"https:\/\/exelnut.eu\/fr\/wp-json\/wp\/v2\/pages\/825\/revisions\/826"}],"wp:featuredmedia":[{"embeddable":true,"href":"https:\/\/exelnut.eu\/fr\/wp-json\/wp\/v2\/media\/608"}],"wp:attachment":[{"href":"https:\/\/exelnut.eu\/fr\/wp-json\/wp\/v2\/media?parent=825"}],"curies":[{"name":"wp","href":"https:\/\/api.w.org\/{rel}","templated":true}]}}