{"id":821,"date":"2023-05-04T05:31:28","date_gmt":"2023-05-04T04:31:28","guid":{"rendered":"https:\/\/exelnut.eu\/qui-sommes-nous\/"},"modified":"2024-11-21T15:07:00","modified_gmt":"2024-11-21T15:07:00","slug":"qui-sommes-nous","status":"publish","type":"page","link":"https:\/\/exelnut.eu\/fr\/qui-sommes-nous\/","title":{"rendered":"Qui sommes-nous?"},"content":{"rendered":"\t\t<div data-elementor-type=\"wp-page\" data-elementor-id=\"821\" class=\"elementor elementor-821 elementor-35\" data-elementor-post-type=\"page\">\n\t\t\t\t\t\t<section class=\"elementor-section elementor-top-section elementor-element elementor-element-9fcb94f elementor-section-stretched elementor-section-boxed elementor-section-height-default elementor-section-height-default\" data-id=\"9fcb94f\" data-element_type=\"section\" data-e-type=\"section\" data-settings=\"{&quot;stretch_section&quot;:&quot;section-stretched&quot;,&quot;jet_parallax_layout_list&quot;:[],&quot;background_background&quot;:&quot;classic&quot;}\">\n\t\t\t\t\t\t<div class=\"elementor-container elementor-column-gap-default\">\n\t\t\t\t\t<div class=\"elementor-column elementor-col-100 elementor-top-column elementor-element elementor-element-308f82b7\" data-id=\"308f82b7\" data-element_type=\"column\" data-e-type=\"column\" data-settings=\"{&quot;background_background&quot;:&quot;classic&quot;}\">\n\t\t\t<div class=\"elementor-widget-wrap elementor-element-populated\">\n\t\t\t\t\t\t<section class=\"elementor-section elementor-inner-section elementor-element elementor-element-6891dfdd elementor-section-boxed elementor-section-height-default elementor-section-height-default\" data-id=\"6891dfdd\" data-element_type=\"section\" data-e-type=\"section\" data-settings=\"{&quot;jet_parallax_layout_list&quot;:[]}\">\n\t\t\t\t\t\t<div class=\"elementor-container elementor-column-gap-wide\">\n\t\t\t\t\t<div class=\"elementor-column elementor-col-50 elementor-inner-column elementor-element elementor-element-6aba1c6b\" data-id=\"6aba1c6b\" data-element_type=\"column\" data-e-type=\"column\">\n\t\t\t<div class=\"elementor-widget-wrap elementor-element-populated\">\n\t\t\t\t\t\t<div class=\"elementor-element elementor-element-53940095 elementor-widget elementor-widget-heading\" data-id=\"53940095\" data-element_type=\"widget\" data-e-type=\"widget\" data-widget_type=\"heading.default\">\n\t\t\t\t<div class=\"elementor-widget-container\">\n\t\t\t\t\t<h2 class=\"elementor-heading-title elementor-size-default\">L'odyss\u00e9e commence en 2014<\/h2>\t\t\t\t<\/div>\n\t\t\t\t<\/div>\n\t\t\t\t<div class=\"elementor-element elementor-element-1fb0fbb5 elementor-widget elementor-widget-text-editor\" data-id=\"1fb0fbb5\" data-element_type=\"widget\" data-e-type=\"widget\" data-widget_type=\"text-editor.default\">\n\t\t\t\t<div class=\"elementor-widget-container\">\n\t\t\t\t\t\t\t\t\t<p>L&rsquo;aventure d&rsquo;Exelnut a commenc\u00e9 en 2014 lorsque Brigitte Leblanc, MD et Yucel Karaman, MD, dipl\u00f4m\u00e9s \u00e9m\u00e9rites de l&rsquo;Universit\u00e9 Catholique de Louvain en Belgique, se sont lanc\u00e9s dans un projet familial audacieux : cultiver la noix, un superaliment essentiel \u00e0 une bonne sant\u00e9, dans le respect de la tradition et de la nature.<\/p>\n<p>\u00c9lev\u00e9s avec le doux souvenirs des noix croquantes et savoureuses de leur enfance \u2014 elle, dans le jardin luxuriant de sa grand-m\u00e8re, et lui, d\u00e9gustant des noix au petit-d\u00e9jeuner dans son village natal en Turquie \u2014 ils ont cherch\u00e9 \u00e0 retrouver cette authenticit\u00e9 perdue, d\u00e9sormais insaisissable dans les all\u00e9es des supermarch\u00e9s.<\/p>\n<p>Apr\u00e8s des \u00e9tudes de faisabilit\u00e9 approfondies et une formation approfondie en agronomie aux \u00c9tats-Unis, le couple a d\u00e9cid\u00e9 de fusionner l\u2019excellence, les connaissances m\u00e9dicales et scientifiques pour produire des noix d\u2019une qualit\u00e9 in\u00e9gal\u00e9e, gr\u00e2ce \u00e0 une parfaite harmonie de m\u00e9thodes traditionnelles et d\u2019innovations agricoles.<\/p>\n\t\t\t\t\t\t\t\t<\/div>\n\t\t\t\t<\/div>\n\t\t\t\t\t<\/div>\n\t\t<\/div>\n\t\t\t\t<div class=\"elementor-column elementor-col-50 elementor-inner-column elementor-element elementor-element-8496590\" data-id=\"8496590\" data-element_type=\"column\" data-e-type=\"column\">\n\t\t\t<div class=\"elementor-widget-wrap elementor-element-populated\">\n\t\t\t\t\t\t<div class=\"elementor-element elementor-element-42e8c1a elementor-widget__width-initial elementor-position-top elementor-widget elementor-widget-image-box\" data-id=\"42e8c1a\" data-element_type=\"widget\" data-e-type=\"widget\" data-widget_type=\"image-box.default\">\n\t\t\t\t<div class=\"elementor-widget-container\">\n\t\t\t\t\t<div class=\"elementor-image-box-wrapper\"><figure class=\"elementor-image-box-img\"><img decoding=\"async\" src=\"https:\/\/exelnut.eu\/wp-content\/uploads\/elementor\/thumbs\/brigitte-leblanc-1-q6ass52iwkgicnlwws1yxbouq7y1jnpeduqk8swi60.jpg\" title=\"brigitte-leblanc\" alt=\"brigitte-leblanc\" loading=\"lazy\" \/><\/figure><div class=\"elementor-image-box-content\"><h3 class=\"elementor-image-box-title\">Dr Brigitte Leblanc<\/h3><\/div><\/div>\t\t\t\t<\/div>\n\t\t\t\t<\/div>\n\t\t\t\t<div class=\"elementor-element elementor-element-8f86198 elementor-widget__width-initial elementor-position-top elementor-widget elementor-widget-image-box\" data-id=\"8f86198\" data-element_type=\"widget\" data-e-type=\"widget\" data-widget_type=\"image-box.default\">\n\t\t\t\t<div class=\"elementor-widget-container\">\n\t\t\t\t\t<div class=\"elementor-image-box-wrapper\"><figure class=\"elementor-image-box-img\"><img fetchpriority=\"high\" decoding=\"async\" width=\"265\" height=\"300\" src=\"https:\/\/exelnut.eu\/wp-content\/uploads\/2023\/05\/ft_yucel-karaman.jpg\" class=\"attachment-full size-full wp-image-82\" alt=\"\" \/><\/figure><div class=\"elementor-image-box-content\"><h3 class=\"elementor-image-box-title\">Dr Yucel Karaman<\/h3><\/div><\/div>\t\t\t\t<\/div>\n\t\t\t\t<\/div>\n\t\t\t\t\t<\/div>\n\t\t<\/div>\n\t\t\t\t\t<\/div>\n\t\t<\/section>\n\t\t\t\t<section class=\"elementor-section elementor-inner-section elementor-element elementor-element-1d48a77 elementor-section-boxed elementor-section-height-default elementor-section-height-default\" data-id=\"1d48a77\" data-element_type=\"section\" data-e-type=\"section\" data-settings=\"{&quot;jet_parallax_layout_list&quot;:[]}\">\n\t\t\t\t\t\t<div class=\"elementor-container elementor-column-gap-wide\">\n\t\t\t\t\t<div class=\"elementor-column elementor-col-50 elementor-inner-column elementor-element elementor-element-b0d9dec\" data-id=\"b0d9dec\" data-element_type=\"column\" data-e-type=\"column\" data-settings=\"{&quot;background_background&quot;:&quot;classic&quot;}\">\n\t\t\t<div class=\"elementor-widget-wrap elementor-element-populated\">\n\t\t\t\t\t\t<div class=\"elementor-element elementor-element-bba77e4 elementor-widget elementor-widget-spacer\" data-id=\"bba77e4\" data-element_type=\"widget\" data-e-type=\"widget\" data-widget_type=\"spacer.default\">\n\t\t\t\t<div class=\"elementor-widget-container\">\n\t\t\t\t\t\t\t<div class=\"elementor-spacer\">\n\t\t\t<div class=\"elementor-spacer-inner\"><\/div>\n\t\t<\/div>\n\t\t\t\t\t\t<\/div>\n\t\t\t\t<\/div>\n\t\t\t\t\t<\/div>\n\t\t<\/div>\n\t\t\t\t<div class=\"elementor-column elementor-col-50 elementor-inner-column elementor-element elementor-element-38bd722\" data-id=\"38bd722\" data-element_type=\"column\" data-e-type=\"column\">\n\t\t\t<div class=\"elementor-widget-wrap elementor-element-populated\">\n\t\t\t\t\t\t<div class=\"elementor-element elementor-element-e328437 elementor-widget elementor-widget-heading\" data-id=\"e328437\" data-element_type=\"widget\" data-e-type=\"widget\" data-widget_type=\"heading.default\">\n\t\t\t\t<div class=\"elementor-widget-container\">\n\t\t\t\t\t<h2 class=\"elementor-heading-title elementor-size-default\">Un engagement r\u00e9compens\u00e9<\/h2>\t\t\t\t<\/div>\n\t\t\t\t<\/div>\n\t\t\t\t<div class=\"elementor-element elementor-element-573d174 elementor-widget elementor-widget-text-editor\" data-id=\"573d174\" data-element_type=\"widget\" data-e-type=\"widget\" data-widget_type=\"text-editor.default\">\n\t\t\t\t<div class=\"elementor-widget-container\">\n\t\t\t\t\t\t\t\t\t<p>Leur pers\u00e9v\u00e9rance a port\u00e9 ses fruits : Exelnut produit d\u00e9sormais des noix saines au go\u00fbt naturel et authentique, r\u00e9pondant aux normes de qualit\u00e9 de l&rsquo;UE, parmi les plus strictes au monde. Pour les docteurs Leblanc et Karaman, la combinaison de leurs comp\u00e9tences de m\u00e9decins et de leur passion pour l&rsquo;agriculture a permis de mettre en \u00e9vidence les bienfaits de la noix pour la sant\u00e9 : une consommation r\u00e9guli\u00e8re peut contribuer \u00e0 r\u00e9duire le risque de maladies cardiovasculaires, \u00e0 allonger l&rsquo;esp\u00e9rance de vie et \u00e0 am\u00e9liorer les fonctions cognitives.<\/p>\n\t\t\t\t\t\t\t\t<\/div>\n\t\t\t\t<\/div>\n\t\t\t\t\t<\/div>\n\t\t<\/div>\n\t\t\t\t\t<\/div>\n\t\t<\/section>\n\t\t\t\t<section class=\"elementor-section elementor-inner-section elementor-element elementor-element-57fb144 elementor-section-boxed elementor-section-height-default elementor-section-height-default\" data-id=\"57fb144\" data-element_type=\"section\" data-e-type=\"section\" data-settings=\"{&quot;jet_parallax_layout_list&quot;:[]}\">\n\t\t\t\t\t\t<div class=\"elementor-container elementor-column-gap-wide\">\n\t\t\t\t\t<div class=\"elementor-column elementor-col-50 elementor-inner-column elementor-element elementor-element-430d9a5\" data-id=\"430d9a5\" data-element_type=\"column\" data-e-type=\"column\">\n\t\t\t<div class=\"elementor-widget-wrap elementor-element-populated\">\n\t\t\t\t\t\t<div class=\"elementor-element elementor-element-a239787 elementor-widget elementor-widget-heading\" data-id=\"a239787\" data-element_type=\"widget\" data-e-type=\"widget\" data-widget_type=\"heading.default\">\n\t\t\t\t<div class=\"elementor-widget-container\">\n\t\t\t\t\t<h2 class=\"elementor-heading-title elementor-size-default\">Au coeur du Portugal, un terroir d'exception<\/h2>\t\t\t\t<\/div>\n\t\t\t\t<\/div>\n\t\t\t\t<div class=\"elementor-element elementor-element-fd5a2b3 elementor-widget elementor-widget-text-editor\" data-id=\"fd5a2b3\" data-element_type=\"widget\" data-e-type=\"widget\" data-widget_type=\"text-editor.default\">\n\t\t\t\t<div class=\"elementor-widget-container\">\n\t\t\t\t\t\t\t\t\t<p>Leurs recherches les ont conduits au Portugal, dans la vall\u00e9e d&rsquo;Aravil, un havre de 240 hectares de sol limoneux et profond, id\u00e9al pour cultiver des noyers robustes dans un environnement pr\u00e9serv\u00e9.<\/p>\n<p>Sous la direction passionn\u00e9e de la Dre Brigitte Leblanc, Exelnut s&rsquo;est engag\u00e9e d\u00e8s le d\u00e9but dans une agriculture \u00e9thique et durable : am\u00e9lioration des sols, adoption de l&rsquo;agro\u00e9cologie, utilisation de produits biologiques au lieu de pesticides et pr\u00e9servation de la biodiversit\u00e9 et de la sant\u00e9 des travailleurs.<\/p>\n\t\t\t\t\t\t\t\t<\/div>\n\t\t\t\t<\/div>\n\t\t\t\t\t<\/div>\n\t\t<\/div>\n\t\t\t\t<div class=\"elementor-column elementor-col-50 elementor-inner-column elementor-element elementor-element-2447845\" data-id=\"2447845\" data-element_type=\"column\" data-e-type=\"column\" data-settings=\"{&quot;background_background&quot;:&quot;classic&quot;}\">\n\t\t\t<div class=\"elementor-widget-wrap elementor-element-populated\">\n\t\t\t\t\t\t<div class=\"elementor-element elementor-element-6f5dab5 elementor-widget elementor-widget-spacer\" data-id=\"6f5dab5\" data-element_type=\"widget\" data-e-type=\"widget\" data-widget_type=\"spacer.default\">\n\t\t\t\t<div class=\"elementor-widget-container\">\n\t\t\t\t\t\t\t<div class=\"elementor-spacer\">\n\t\t\t<div class=\"elementor-spacer-inner\"><\/div>\n\t\t<\/div>\n\t\t\t\t\t\t<\/div>\n\t\t\t\t<\/div>\n\t\t\t\t\t<\/div>\n\t\t<\/div>\n\t\t\t\t\t<\/div>\n\t\t<\/section>\n\t\t\t\t<section class=\"elementor-section elementor-inner-section elementor-element elementor-element-c16de95 elementor-section-boxed elementor-section-height-default elementor-section-height-default\" data-id=\"c16de95\" data-element_type=\"section\" data-e-type=\"section\" data-settings=\"{&quot;jet_parallax_layout_list&quot;:[]}\">\n\t\t\t\t\t\t<div class=\"elementor-container elementor-column-gap-wide\">\n\t\t\t\t\t<div class=\"elementor-column elementor-col-50 elementor-inner-column elementor-element elementor-element-2b1cb83\" data-id=\"2b1cb83\" data-element_type=\"column\" data-e-type=\"column\" data-settings=\"{&quot;background_background&quot;:&quot;classic&quot;}\">\n\t\t\t<div class=\"elementor-widget-wrap elementor-element-populated\">\n\t\t\t\t\t\t<div class=\"elementor-element elementor-element-d9ac89a elementor-widget elementor-widget-spacer\" data-id=\"d9ac89a\" data-element_type=\"widget\" data-e-type=\"widget\" data-widget_type=\"spacer.default\">\n\t\t\t\t<div class=\"elementor-widget-container\">\n\t\t\t\t\t\t\t<div class=\"elementor-spacer\">\n\t\t\t<div class=\"elementor-spacer-inner\"><\/div>\n\t\t<\/div>\n\t\t\t\t\t\t<\/div>\n\t\t\t\t<\/div>\n\t\t\t\t\t<\/div>\n\t\t<\/div>\n\t\t\t\t<div class=\"elementor-column elementor-col-50 elementor-inner-column elementor-element elementor-element-d0a30e0\" data-id=\"d0a30e0\" data-element_type=\"column\" data-e-type=\"column\">\n\t\t\t<div class=\"elementor-widget-wrap elementor-element-populated\">\n\t\t\t\t\t\t<div class=\"elementor-element elementor-element-8771e11 elementor-widget elementor-widget-heading\" data-id=\"8771e11\" data-element_type=\"widget\" data-e-type=\"widget\" data-widget_type=\"heading.default\">\n\t\t\t\t<div class=\"elementor-widget-container\">\n\t\t\t\t\t<h2 class=\"elementor-heading-title elementor-size-default\">Exelnut: un plaisir sain, une promesse de bien-\u00eatre<\/h2>\t\t\t\t<\/div>\n\t\t\t\t<\/div>\n\t\t\t\t<div class=\"elementor-element elementor-element-b319b48 elementor-widget elementor-widget-text-editor\" data-id=\"b319b48\" data-element_type=\"widget\" data-e-type=\"widget\" data-widget_type=\"text-editor.default\">\n\t\t\t\t<div class=\"elementor-widget-container\">\n\t\t\t\t\t\t\t\t\t<p>D\u00e9couvrir le plaisir d\u2019un produit d\u00e9licieux et b\u00e9n\u00e9fique pour la sant\u00e9 est un privil\u00e8ge qu\u2019Exelnut s\u2019engage \u00e0 partager avec vous. Rejoignez-nous dans cette aventure culinaire et red\u00e9couvrez le vrai go\u00fbt de la noix. <\/p>\n\t\t\t\t\t\t\t\t<\/div>\n\t\t\t\t<\/div>\n\t\t\t\t\t<\/div>\n\t\t<\/div>\n\t\t\t\t\t<\/div>\n\t\t<\/section>\n\t\t\t\t\t<\/div>\n\t\t<\/div>\n\t\t\t\t\t<\/div>\n\t\t<\/section>\n\t\t\t\t<section class=\"elementor-section elementor-inner-section elementor-element elementor-element-2f3944f1 elementor-section-boxed elementor-section-height-default elementor-section-height-default\" data-id=\"2f3944f1\" data-element_type=\"section\" data-e-type=\"section\" data-settings=\"{&quot;jet_parallax_layout_list&quot;:[]}\">\n\t\t\t\t\t\t<div class=\"elementor-container elementor-column-gap-wide\">\n\t\t\t\t\t<div class=\"elementor-column elementor-col-100 elementor-inner-column elementor-element elementor-element-71a14daa\" data-id=\"71a14daa\" data-element_type=\"column\" data-e-type=\"column\">\n\t\t\t<div class=\"elementor-widget-wrap elementor-element-populated\">\n\t\t\t\t\t\t<div class=\"elementor-element elementor-element-2dce15aa elementor-widget elementor-widget-heading\" data-id=\"2dce15aa\" data-element_type=\"widget\" data-e-type=\"widget\" data-widget_type=\"heading.default\">\n\t\t\t\t<div class=\"elementor-widget-container\">\n\t\t\t\t\t<h2 class=\"elementor-heading-title elementor-size-default\">Notre \u00e9quipe<\/h2>\t\t\t\t<\/div>\n\t\t\t\t<\/div>\n\t\t\t\t<div class=\"elementor-element elementor-element-30c86385 elementor-widget elementor-widget-text-editor\" data-id=\"30c86385\" data-element_type=\"widget\" data-e-type=\"widget\" data-widget_type=\"text-editor.default\">\n\t\t\t\t<div class=\"elementor-widget-container\">\n\t\t\t\t\t\t\t\t\t<div class=\"p-3\">\n<div class=\"p-3\">\n<p>Notre objectif de produire au Portugal les meilleures noix en go\u00fbt et en qualit\u00e9 ne serait pas r\u00e9alisable sans notre \u00e9quipe qui partage le go\u00fbt de l\u2019excellence, le sens des responsabilit\u00e9s, et une bonne dose de curiosit\u00e9 intellectuelle.<\/p>\n<\/div>\n<\/div>\n\t\t\t\t\t\t\t\t<\/div>\n\t\t\t\t<\/div>\n\t\t\t\t\t<\/div>\n\t\t<\/div>\n\t\t\t\t\t<\/div>\n\t\t<\/section>\n\t\t\t\t<section class=\"elementor-section elementor-inner-section elementor-element elementor-element-fb86b6e elementor-section-boxed elementor-section-height-default elementor-section-height-default\" data-id=\"fb86b6e\" data-element_type=\"section\" data-e-type=\"section\" data-settings=\"{&quot;jet_parallax_layout_list&quot;:[]}\">\n\t\t\t\t\t\t<div class=\"elementor-container elementor-column-gap-narrow\">\n\t\t\t\t\t<div class=\"elementor-column elementor-col-33 elementor-inner-column elementor-element elementor-element-2340edd5\" data-id=\"2340edd5\" data-element_type=\"column\" data-e-type=\"column\">\n\t\t\t<div class=\"elementor-widget-wrap elementor-element-populated\">\n\t\t\t\t\t\t<div class=\"elementor-element elementor-element-5d9a0a45 elementor-position-top elementor-widget elementor-widget-image-box\" data-id=\"5d9a0a45\" data-element_type=\"widget\" data-e-type=\"widget\" data-widget_type=\"image-box.default\">\n\t\t\t\t<div class=\"elementor-widget-container\">\n\t\t\t\t\t<div class=\"elementor-image-box-wrapper\"><figure class=\"elementor-image-box-img\"><img decoding=\"async\" width=\"263\" height=\"300\" src=\"https:\/\/exelnut.eu\/wp-content\/uploads\/2024\/02\/brigitte-karaman-exelnut.jpeg\" class=\"attachment-full size-full wp-image-836\" alt=\"\" \/><\/figure><div class=\"elementor-image-box-content\"><h4 class=\"elementor-image-box-title\">Brigitte Leblanc<\/h4><p class=\"elementor-image-box-description\">Directrice G\u00e9n\u00e9rale<\/p><\/div><\/div>\t\t\t\t<\/div>\n\t\t\t\t<\/div>\n\t\t\t\t\t<\/div>\n\t\t<\/div>\n\t\t\t\t<div class=\"elementor-column elementor-col-33 elementor-inner-column elementor-element elementor-element-225c7b35\" data-id=\"225c7b35\" data-element_type=\"column\" data-e-type=\"column\">\n\t\t\t<div class=\"elementor-widget-wrap elementor-element-populated\">\n\t\t\t\t\t\t<div class=\"elementor-element elementor-element-4ecf2762 elementor-position-top elementor-widget elementor-widget-image-box\" data-id=\"4ecf2762\" data-element_type=\"widget\" data-e-type=\"widget\" data-widget_type=\"image-box.default\">\n\t\t\t\t<div class=\"elementor-widget-container\">\n\t\t\t\t\t<div class=\"elementor-image-box-wrapper\"><figure class=\"elementor-image-box-img\"><img decoding=\"async\" width=\"265\" height=\"300\" src=\"https:\/\/exelnut.eu\/wp-content\/uploads\/2023\/05\/tkaraman02-1.jpg\" class=\"attachment-full size-full wp-image-350\" alt=\"\" \/><\/figure><div class=\"elementor-image-box-content\"><h4 class=\"elementor-image-box-title\">Timour Karaman<\/h4><p class=\"elementor-image-box-description\">Directeur des ventes<\/p><\/div><\/div>\t\t\t\t<\/div>\n\t\t\t\t<\/div>\n\t\t\t\t\t<\/div>\n\t\t<\/div>\n\t\t\t\t<div class=\"elementor-column elementor-col-33 elementor-inner-column elementor-element elementor-element-5a372f7b\" data-id=\"5a372f7b\" data-element_type=\"column\" data-e-type=\"column\">\n\t\t\t<div class=\"elementor-widget-wrap elementor-element-populated\">\n\t\t\t\t\t\t<div class=\"elementor-element elementor-element-20b8bc2a elementor-position-top elementor-widget elementor-widget-image-box\" data-id=\"20b8bc2a\" data-element_type=\"widget\" data-e-type=\"widget\" data-widget_type=\"image-box.default\">\n\t\t\t\t<div class=\"elementor-widget-container\">\n\t\t\t\t\t<div class=\"elementor-image-box-wrapper\"><figure class=\"elementor-image-box-img\"><img loading=\"lazy\" decoding=\"async\" width=\"265\" height=\"300\" src=\"https:\/\/exelnut.eu\/wp-content\/uploads\/2023\/05\/ft_francisco-maia.jpeg\" class=\"attachment-full size-full wp-image-64\" alt=\"\" \/><\/figure><div class=\"elementor-image-box-content\"><h4 class=\"elementor-image-box-title\">Francisco Maia<\/h4><p class=\"elementor-image-box-description\">Directeur de la ferme<\/p><\/div><\/div>\t\t\t\t<\/div>\n\t\t\t\t<\/div>\n\t\t\t\t\t<\/div>\n\t\t<\/div>\n\t\t\t\t\t<\/div>\n\t\t<\/section>\n\t\t\t\t<\/div>\n\t\t","protected":false},"excerpt":{"rendered":"<p>L&rsquo;odyss\u00e9e commence en 2014 L&rsquo;aventure d&rsquo;Exelnut a commenc\u00e9 en 2014 lorsque Brigitte Leblanc, MD et Yucel Karaman, MD, dipl\u00f4m\u00e9s \u00e9m\u00e9rites de l&rsquo;Universit\u00e9 Catholique de Louvain en Belgique, se sont lanc\u00e9s dans un projet familial audacieux : cultiver la noix, un superaliment essentiel \u00e0 une bonne sant\u00e9, dans le respect de la tradition et de la [&hellip;]<\/p>\n","protected":false},"author":1,"featured_media":612,"parent":0,"menu_order":0,"comment_status":"closed","ping_status":"closed","template":"","meta":{"_acf_changed":false,"footnotes":""},"class_list":["post-821","page","type-page","status-publish","has-post-thumbnail","hentry"],"acf":[],"_links":{"self":[{"href":"https:\/\/exelnut.eu\/fr\/wp-json\/wp\/v2\/pages\/821","targetHints":{"allow":["GET"]}}],"collection":[{"href":"https:\/\/exelnut.eu\/fr\/wp-json\/wp\/v2\/pages"}],"about":[{"href":"https:\/\/exelnut.eu\/fr\/wp-json\/wp\/v2\/types\/page"}],"author":[{"embeddable":true,"href":"https:\/\/exelnut.eu\/fr\/wp-json\/wp\/v2\/users\/1"}],"replies":[{"embeddable":true,"href":"https:\/\/exelnut.eu\/fr\/wp-json\/wp\/v2\/comments?post=821"}],"version-history":[{"count":9,"href":"https:\/\/exelnut.eu\/fr\/wp-json\/wp\/v2\/pages\/821\/revisions"}],"predecessor-version":[{"id":1574,"href":"https:\/\/exelnut.eu\/fr\/wp-json\/wp\/v2\/pages\/821\/revisions\/1574"}],"wp:featuredmedia":[{"embeddable":true,"href":"https:\/\/exelnut.eu\/fr\/wp-json\/wp\/v2\/media\/612"}],"wp:attachment":[{"href":"https:\/\/exelnut.eu\/fr\/wp-json\/wp\/v2\/media?parent=821"}],"curies":[{"name":"wp","href":"https:\/\/api.w.org\/{rel}","templated":true}]}}