{"id":1045,"date":"2023-05-04T05:31:28","date_gmt":"2023-05-04T04:31:28","guid":{"rendered":"https:\/\/exelnut.eu\/sobre-nosotros\/"},"modified":"2024-11-21T14:22:08","modified_gmt":"2024-11-21T14:22:08","slug":"sobre-nosotros","status":"publish","type":"page","link":"https:\/\/exelnut.eu\/es\/sobre-nosotros\/","title":{"rendered":"Sobre Nosotros"},"content":{"rendered":"\t\t<div data-elementor-type=\"wp-page\" data-elementor-id=\"1045\" class=\"elementor elementor-1045 elementor-35\" data-elementor-post-type=\"page\">\n\t\t\t\t\t\t<section class=\"elementor-section elementor-top-section elementor-element elementor-element-9fcb94f elementor-section-stretched elementor-section-boxed elementor-section-height-default elementor-section-height-default\" data-id=\"9fcb94f\" data-element_type=\"section\" data-e-type=\"section\" data-settings=\"{&quot;stretch_section&quot;:&quot;section-stretched&quot;,&quot;jet_parallax_layout_list&quot;:[],&quot;background_background&quot;:&quot;classic&quot;}\">\n\t\t\t\t\t\t<div class=\"elementor-container elementor-column-gap-default\">\n\t\t\t\t\t<div class=\"elementor-column elementor-col-100 elementor-top-column elementor-element elementor-element-308f82b7\" data-id=\"308f82b7\" data-element_type=\"column\" data-e-type=\"column\" data-settings=\"{&quot;background_background&quot;:&quot;classic&quot;}\">\n\t\t\t<div class=\"elementor-widget-wrap elementor-element-populated\">\n\t\t\t\t\t\t<section class=\"elementor-section elementor-inner-section elementor-element elementor-element-6891dfdd elementor-section-boxed elementor-section-height-default elementor-section-height-default\" data-id=\"6891dfdd\" data-element_type=\"section\" data-e-type=\"section\" data-settings=\"{&quot;jet_parallax_layout_list&quot;:[]}\">\n\t\t\t\t\t\t<div class=\"elementor-container elementor-column-gap-wide\">\n\t\t\t\t\t<div class=\"elementor-column elementor-col-50 elementor-inner-column elementor-element elementor-element-6aba1c6b\" data-id=\"6aba1c6b\" data-element_type=\"column\" data-e-type=\"column\">\n\t\t\t<div class=\"elementor-widget-wrap elementor-element-populated\">\n\t\t\t\t\t\t<div class=\"elementor-element elementor-element-53940095 elementor-widget elementor-widget-heading\" data-id=\"53940095\" data-element_type=\"widget\" data-e-type=\"widget\" data-widget_type=\"heading.default\">\n\t\t\t\t<div class=\"elementor-widget-container\">\n\t\t\t\t\t<h2 class=\"elementor-heading-title elementor-size-default\">UN VIAJE QUE EMPEZ\u00d3 EN 2014<\/h2>\t\t\t\t<\/div>\n\t\t\t\t<\/div>\n\t\t\t\t<div class=\"elementor-element elementor-element-1fb0fbb5 elementor-widget elementor-widget-text-editor\" data-id=\"1fb0fbb5\" data-element_type=\"widget\" data-e-type=\"widget\" data-widget_type=\"text-editor.default\">\n\t\t\t\t<div class=\"elementor-widget-container\">\n\t\t\t\t\t\t\t\t\t<p>El viaje de Exelnut comenz\u00f3 en 2014 cuando Brigitte Leblanc, MD y Yucel Karaman, MD, distinguidos graduados de la Universidad Cat\u00f3lica de Lovaina en B\u00e9lgica, se embarcaron en un audaz proyecto familiar: cultivar nueces, un superalimento esencial para la buena salud, con respeto por la tradici\u00f3n y la naturaleza.<\/p>\n<p>Criados con recuerdos entra\u00f1ables de las nueces crujientes y sabrosas de su infancia (ella, en el exuberante jard\u00edn de su abuela, y \u00e9l, disfrutando de nueces en el desayuno en su pueblo natal en Turqu\u00eda), su objetivo era recuperar esa autenticidad perdida, ahora esquiva en los pasillos de los supermercados.<\/p>\n<p>Despu\u00e9s de exhaustivos estudios de viabilidad y una amplia formaci\u00f3n en agronom\u00eda en Estados Unidos, la pareja se propuso fusionar la excelencia, el conocimiento m\u00e9dico y cient\u00edfico para producir nueces de calidad inigualable, a trav\u00e9s de una perfecta armon\u00eda de m\u00e9todos tradicionales e innovaciones agr\u00edcolas.<\/p>\n\t\t\t\t\t\t\t\t<\/div>\n\t\t\t\t<\/div>\n\t\t\t\t\t<\/div>\n\t\t<\/div>\n\t\t\t\t<div class=\"elementor-column elementor-col-50 elementor-inner-column elementor-element elementor-element-8496590\" data-id=\"8496590\" data-element_type=\"column\" data-e-type=\"column\">\n\t\t\t<div class=\"elementor-widget-wrap elementor-element-populated\">\n\t\t\t\t\t\t<div class=\"elementor-element elementor-element-42e8c1a elementor-widget__width-initial elementor-position-top elementor-widget elementor-widget-image-box\" data-id=\"42e8c1a\" data-element_type=\"widget\" data-e-type=\"widget\" data-widget_type=\"image-box.default\">\n\t\t\t\t<div class=\"elementor-widget-container\">\n\t\t\t\t\t<div class=\"elementor-image-box-wrapper\"><figure class=\"elementor-image-box-img\"><img decoding=\"async\" src=\"https:\/\/exelnut.eu\/wp-content\/uploads\/elementor\/thumbs\/brigitte-leblanc-1-q6ass52iwkgicnlwws1yxbouq7y1jnpeduqk8swi60.jpg\" title=\"brigitte-leblanc\" alt=\"brigitte-leblanc\" loading=\"lazy\" \/><\/figure><div class=\"elementor-image-box-content\"><h3 class=\"elementor-image-box-title\">Dra. Brigitte Leblanc<\/h3><\/div><\/div>\t\t\t\t<\/div>\n\t\t\t\t<\/div>\n\t\t\t\t<div class=\"elementor-element elementor-element-8f86198 elementor-widget__width-initial elementor-position-top elementor-widget elementor-widget-image-box\" data-id=\"8f86198\" data-element_type=\"widget\" data-e-type=\"widget\" data-widget_type=\"image-box.default\">\n\t\t\t\t<div class=\"elementor-widget-container\">\n\t\t\t\t\t<div class=\"elementor-image-box-wrapper\"><figure class=\"elementor-image-box-img\"><img fetchpriority=\"high\" decoding=\"async\" width=\"265\" height=\"300\" src=\"https:\/\/exelnut.eu\/wp-content\/uploads\/2023\/05\/ft_yucel-karaman.jpg\" class=\"attachment-full size-full wp-image-82\" alt=\"\" \/><\/figure><div class=\"elementor-image-box-content\"><h3 class=\"elementor-image-box-title\">Dr. Yucel Karaman<\/h3><\/div><\/div>\t\t\t\t<\/div>\n\t\t\t\t<\/div>\n\t\t\t\t\t<\/div>\n\t\t<\/div>\n\t\t\t\t\t<\/div>\n\t\t<\/section>\n\t\t\t\t<section class=\"elementor-section elementor-inner-section elementor-element elementor-element-1d48a77 elementor-section-boxed elementor-section-height-default elementor-section-height-default\" data-id=\"1d48a77\" data-element_type=\"section\" data-e-type=\"section\" data-settings=\"{&quot;jet_parallax_layout_list&quot;:[]}\">\n\t\t\t\t\t\t<div class=\"elementor-container elementor-column-gap-wide\">\n\t\t\t\t\t<div class=\"elementor-column elementor-col-50 elementor-inner-column elementor-element elementor-element-b0d9dec\" data-id=\"b0d9dec\" data-element_type=\"column\" data-e-type=\"column\" data-settings=\"{&quot;background_background&quot;:&quot;classic&quot;}\">\n\t\t\t<div class=\"elementor-widget-wrap elementor-element-populated\">\n\t\t\t\t\t\t<div class=\"elementor-element elementor-element-bba77e4 elementor-widget elementor-widget-spacer\" data-id=\"bba77e4\" data-element_type=\"widget\" data-e-type=\"widget\" data-widget_type=\"spacer.default\">\n\t\t\t\t<div class=\"elementor-widget-container\">\n\t\t\t\t\t\t\t<div class=\"elementor-spacer\">\n\t\t\t<div class=\"elementor-spacer-inner\"><\/div>\n\t\t<\/div>\n\t\t\t\t\t\t<\/div>\n\t\t\t\t<\/div>\n\t\t\t\t\t<\/div>\n\t\t<\/div>\n\t\t\t\t<div class=\"elementor-column elementor-col-50 elementor-inner-column elementor-element elementor-element-38bd722\" data-id=\"38bd722\" data-element_type=\"column\" data-e-type=\"column\">\n\t\t\t<div class=\"elementor-widget-wrap elementor-element-populated\">\n\t\t\t\t\t\t<div class=\"elementor-element elementor-element-e328437 elementor-widget elementor-widget-heading\" data-id=\"e328437\" data-element_type=\"widget\" data-e-type=\"widget\" data-widget_type=\"heading.default\">\n\t\t\t\t<div class=\"elementor-widget-container\">\n\t\t\t\t\t<h2 class=\"elementor-heading-title elementor-size-default\">EL COMPROMISO TIENE RECOMPENSA<\/h2>\t\t\t\t<\/div>\n\t\t\t\t<\/div>\n\t\t\t\t<div class=\"elementor-element elementor-element-573d174 elementor-widget elementor-widget-text-editor\" data-id=\"573d174\" data-element_type=\"widget\" data-e-type=\"widget\" data-widget_type=\"text-editor.default\">\n\t\t\t\t<div class=\"elementor-widget-container\">\n\t\t\t\t\t\t\t\t\t<p>Su perseverancia ha dado sus frutos: Exelnut produce ahora nueces saludables con un sabor natural y aut\u00e9ntico, cumpliendo con los est\u00e1ndares de calidad de la UE, que se encuentran entre los m\u00e1s estrictos del mundo. La combinaci\u00f3n de sus habilidades m\u00e9dicas pasi\u00f3n por la agricultura de los doctores Leblanc y Karaman les ha servido para poner en valor los beneficios para la salud de las nueces. El consumo regular de nueces puede ser una ayuda para reducir el riesgo de enfermedades cardiovasculares, vivir m\u00e1s a\u00f1os y mejorar las funciones cognitivas.<\/p>\n\t\t\t\t\t\t\t\t<\/div>\n\t\t\t\t<\/div>\n\t\t\t\t\t<\/div>\n\t\t<\/div>\n\t\t\t\t\t<\/div>\n\t\t<\/section>\n\t\t\t\t<section class=\"elementor-section elementor-inner-section elementor-element elementor-element-57fb144 elementor-section-boxed elementor-section-height-default elementor-section-height-default\" data-id=\"57fb144\" data-element_type=\"section\" data-e-type=\"section\" data-settings=\"{&quot;jet_parallax_layout_list&quot;:[]}\">\n\t\t\t\t\t\t<div class=\"elementor-container elementor-column-gap-wide\">\n\t\t\t\t\t<div class=\"elementor-column elementor-col-50 elementor-inner-column elementor-element elementor-element-430d9a5\" data-id=\"430d9a5\" data-element_type=\"column\" data-e-type=\"column\">\n\t\t\t<div class=\"elementor-widget-wrap elementor-element-populated\">\n\t\t\t\t\t\t<div class=\"elementor-element elementor-element-a239787 elementor-widget elementor-widget-heading\" data-id=\"a239787\" data-element_type=\"widget\" data-e-type=\"widget\" data-widget_type=\"heading.default\">\n\t\t\t\t<div class=\"elementor-widget-container\">\n\t\t\t\t\t<h2 class=\"elementor-heading-title elementor-size-default\">UN ENCLAVE EXCEPCIONAL EN EL CORAZ\u00d3N DE PORTUGAL<\/h2>\t\t\t\t<\/div>\n\t\t\t\t<\/div>\n\t\t\t\t<div class=\"elementor-element elementor-element-fd5a2b3 elementor-widget elementor-widget-text-editor\" data-id=\"fd5a2b3\" data-element_type=\"widget\" data-e-type=\"widget\" data-widget_type=\"text-editor.default\">\n\t\t\t\t<div class=\"elementor-widget-container\">\n\t\t\t\t\t\t\t\t\t<p>Su b\u00fasqueda los llev\u00f3 a Portugal, al valle de Aravil, un para\u00edso de 240 hect\u00e1reas de suelo profundo y arcilloso, ideal para cultivar robustos nogales en un entorno virgen.<\/p>\n<p>Bajo el apasionado liderazgo de la Dra. Brigitte Leblanc, Exelnut se ha comprometido con la agricultura \u00e9tica y sostenible desde el principio: mejora del suelo, adopci\u00f3n de la agroecolog\u00eda, uso de productos org\u00e1nicos en lugar de pesticidas y preservaci\u00f3n de la biodiversidad y la salud de los trabajadores.<\/p>\n\t\t\t\t\t\t\t\t<\/div>\n\t\t\t\t<\/div>\n\t\t\t\t\t<\/div>\n\t\t<\/div>\n\t\t\t\t<div class=\"elementor-column elementor-col-50 elementor-inner-column elementor-element elementor-element-2447845\" data-id=\"2447845\" data-element_type=\"column\" data-e-type=\"column\" data-settings=\"{&quot;background_background&quot;:&quot;classic&quot;}\">\n\t\t\t<div class=\"elementor-widget-wrap elementor-element-populated\">\n\t\t\t\t\t\t<div class=\"elementor-element elementor-element-6f5dab5 elementor-widget elementor-widget-spacer\" data-id=\"6f5dab5\" data-element_type=\"widget\" data-e-type=\"widget\" data-widget_type=\"spacer.default\">\n\t\t\t\t<div class=\"elementor-widget-container\">\n\t\t\t\t\t\t\t<div class=\"elementor-spacer\">\n\t\t\t<div class=\"elementor-spacer-inner\"><\/div>\n\t\t<\/div>\n\t\t\t\t\t\t<\/div>\n\t\t\t\t<\/div>\n\t\t\t\t\t<\/div>\n\t\t<\/div>\n\t\t\t\t\t<\/div>\n\t\t<\/section>\n\t\t\t\t<section class=\"elementor-section elementor-inner-section elementor-element elementor-element-c16de95 elementor-section-boxed elementor-section-height-default elementor-section-height-default\" data-id=\"c16de95\" data-element_type=\"section\" data-e-type=\"section\" data-settings=\"{&quot;jet_parallax_layout_list&quot;:[]}\">\n\t\t\t\t\t\t<div class=\"elementor-container elementor-column-gap-wide\">\n\t\t\t\t\t<div class=\"elementor-column elementor-col-50 elementor-inner-column elementor-element elementor-element-2b1cb83\" data-id=\"2b1cb83\" data-element_type=\"column\" data-e-type=\"column\" data-settings=\"{&quot;background_background&quot;:&quot;classic&quot;}\">\n\t\t\t<div class=\"elementor-widget-wrap elementor-element-populated\">\n\t\t\t\t\t\t<div class=\"elementor-element elementor-element-d9ac89a elementor-widget elementor-widget-spacer\" data-id=\"d9ac89a\" data-element_type=\"widget\" data-e-type=\"widget\" data-widget_type=\"spacer.default\">\n\t\t\t\t<div class=\"elementor-widget-container\">\n\t\t\t\t\t\t\t<div class=\"elementor-spacer\">\n\t\t\t<div class=\"elementor-spacer-inner\"><\/div>\n\t\t<\/div>\n\t\t\t\t\t\t<\/div>\n\t\t\t\t<\/div>\n\t\t\t\t\t<\/div>\n\t\t<\/div>\n\t\t\t\t<div class=\"elementor-column elementor-col-50 elementor-inner-column elementor-element elementor-element-d0a30e0\" data-id=\"d0a30e0\" data-element_type=\"column\" data-e-type=\"column\">\n\t\t\t<div class=\"elementor-widget-wrap elementor-element-populated\">\n\t\t\t\t\t\t<div class=\"elementor-element elementor-element-8771e11 elementor-widget elementor-widget-heading\" data-id=\"8771e11\" data-element_type=\"widget\" data-e-type=\"widget\" data-widget_type=\"heading.default\">\n\t\t\t\t<div class=\"elementor-widget-container\">\n\t\t\t\t\t<h2 class=\"elementor-heading-title elementor-size-default\">EXELNUT: PLACER SALUDABLE, PROMESA DE BIENESTAR<\/h2>\t\t\t\t<\/div>\n\t\t\t\t<\/div>\n\t\t\t\t<div class=\"elementor-element elementor-element-b319b48 elementor-widget elementor-widget-text-editor\" data-id=\"b319b48\" data-element_type=\"widget\" data-e-type=\"widget\" data-widget_type=\"text-editor.default\">\n\t\t\t\t<div class=\"elementor-widget-container\">\n\t\t\t\t\t\t\t\t\t<p>Descubrir la alegr\u00eda de un producto delicioso que adem\u00e1s es beneficioso para la salud es un privilegio que Exelnut se compromete a compartir contigo. \u00danase a nosotros en esta aventura culinaria y redescubra el verdadero sabor de las nueces.<\/p>\n\t\t\t\t\t\t\t\t<\/div>\n\t\t\t\t<\/div>\n\t\t\t\t\t<\/div>\n\t\t<\/div>\n\t\t\t\t\t<\/div>\n\t\t<\/section>\n\t\t\t\t\t<\/div>\n\t\t<\/div>\n\t\t\t\t\t<\/div>\n\t\t<\/section>\n\t\t\t\t<section class=\"elementor-section elementor-inner-section elementor-element elementor-element-2f3944f1 elementor-section-boxed elementor-section-height-default elementor-section-height-default\" data-id=\"2f3944f1\" data-element_type=\"section\" data-e-type=\"section\" data-settings=\"{&quot;jet_parallax_layout_list&quot;:[]}\">\n\t\t\t\t\t\t<div class=\"elementor-container elementor-column-gap-wide\">\n\t\t\t\t\t<div class=\"elementor-column elementor-col-100 elementor-inner-column elementor-element elementor-element-71a14daa\" data-id=\"71a14daa\" data-element_type=\"column\" data-e-type=\"column\">\n\t\t\t<div class=\"elementor-widget-wrap elementor-element-populated\">\n\t\t\t\t\t\t<div class=\"elementor-element elementor-element-2dce15aa elementor-widget elementor-widget-heading\" data-id=\"2dce15aa\" data-element_type=\"widget\" data-e-type=\"widget\" data-widget_type=\"heading.default\">\n\t\t\t\t<div class=\"elementor-widget-container\">\n\t\t\t\t\t<h2 class=\"elementor-heading-title elementor-size-default\">Un equipo entregado<\/h2>\t\t\t\t<\/div>\n\t\t\t\t<\/div>\n\t\t\t\t<div class=\"elementor-element elementor-element-30c86385 elementor-widget elementor-widget-text-editor\" data-id=\"30c86385\" data-element_type=\"widget\" data-e-type=\"widget\" data-widget_type=\"text-editor.default\">\n\t\t\t\t<div class=\"elementor-widget-container\">\n\t\t\t\t\t\t\t\t\t<div class=\"p-3\">\n<div class=\"p-3\">\n<p>Nuestro objetivo de producir en Portugal las mejores nueces por su sabor y calidad no habr\u00eda sido posible sin nuestro magn\u00edfico equipo, cuyos miembros se gu\u00edan por los mismos valores: excelencia, sentido de la responsabilidad y curiosidad.<\/p>\n<\/div>\n<\/div>\n\t\t\t\t\t\t\t\t<\/div>\n\t\t\t\t<\/div>\n\t\t\t\t\t<\/div>\n\t\t<\/div>\n\t\t\t\t\t<\/div>\n\t\t<\/section>\n\t\t\t\t<section class=\"elementor-section elementor-inner-section elementor-element elementor-element-fb86b6e elementor-section-boxed elementor-section-height-default elementor-section-height-default\" data-id=\"fb86b6e\" data-element_type=\"section\" data-e-type=\"section\" data-settings=\"{&quot;jet_parallax_layout_list&quot;:[]}\">\n\t\t\t\t\t\t<div class=\"elementor-container elementor-column-gap-narrow\">\n\t\t\t\t\t<div class=\"elementor-column elementor-col-33 elementor-inner-column elementor-element elementor-element-2340edd5\" data-id=\"2340edd5\" data-element_type=\"column\" data-e-type=\"column\">\n\t\t\t<div class=\"elementor-widget-wrap elementor-element-populated\">\n\t\t\t\t\t\t<div class=\"elementor-element elementor-element-5d9a0a45 elementor-position-top elementor-widget elementor-widget-image-box\" data-id=\"5d9a0a45\" data-element_type=\"widget\" data-e-type=\"widget\" data-widget_type=\"image-box.default\">\n\t\t\t\t<div class=\"elementor-widget-container\">\n\t\t\t\t\t<div class=\"elementor-image-box-wrapper\"><figure class=\"elementor-image-box-img\"><img decoding=\"async\" width=\"263\" height=\"300\" src=\"https:\/\/exelnut.eu\/wp-content\/uploads\/2024\/02\/brigitte-karaman-exelnut.jpeg\" class=\"attachment-full size-full wp-image-836\" alt=\"\" \/><\/figure><div class=\"elementor-image-box-content\"><h4 class=\"elementor-image-box-title\">Brigitte Leblanc<\/h4><p class=\"elementor-image-box-description\">Directora general<\/p><\/div><\/div>\t\t\t\t<\/div>\n\t\t\t\t<\/div>\n\t\t\t\t\t<\/div>\n\t\t<\/div>\n\t\t\t\t<div class=\"elementor-column elementor-col-33 elementor-inner-column elementor-element elementor-element-225c7b35\" data-id=\"225c7b35\" data-element_type=\"column\" data-e-type=\"column\">\n\t\t\t<div class=\"elementor-widget-wrap elementor-element-populated\">\n\t\t\t\t\t\t<div class=\"elementor-element elementor-element-4ecf2762 elementor-position-top elementor-widget elementor-widget-image-box\" data-id=\"4ecf2762\" data-element_type=\"widget\" data-e-type=\"widget\" data-widget_type=\"image-box.default\">\n\t\t\t\t<div class=\"elementor-widget-container\">\n\t\t\t\t\t<div class=\"elementor-image-box-wrapper\"><figure class=\"elementor-image-box-img\"><img decoding=\"async\" width=\"265\" height=\"300\" src=\"https:\/\/exelnut.eu\/wp-content\/uploads\/2023\/05\/tkaraman02-1.jpg\" class=\"attachment-full size-full wp-image-350\" alt=\"\" \/><\/figure><div class=\"elementor-image-box-content\"><h4 class=\"elementor-image-box-title\">Timour Karaman<\/h4><p class=\"elementor-image-box-description\">Gerente de ventas<\/p><\/div><\/div>\t\t\t\t<\/div>\n\t\t\t\t<\/div>\n\t\t\t\t\t<\/div>\n\t\t<\/div>\n\t\t\t\t<div class=\"elementor-column elementor-col-33 elementor-inner-column elementor-element elementor-element-5a372f7b\" data-id=\"5a372f7b\" data-element_type=\"column\" data-e-type=\"column\">\n\t\t\t<div class=\"elementor-widget-wrap elementor-element-populated\">\n\t\t\t\t\t\t<div class=\"elementor-element elementor-element-20b8bc2a elementor-position-top elementor-widget elementor-widget-image-box\" data-id=\"20b8bc2a\" data-element_type=\"widget\" data-e-type=\"widget\" data-widget_type=\"image-box.default\">\n\t\t\t\t<div class=\"elementor-widget-container\">\n\t\t\t\t\t<div class=\"elementor-image-box-wrapper\"><figure class=\"elementor-image-box-img\"><img loading=\"lazy\" decoding=\"async\" width=\"265\" height=\"300\" src=\"https:\/\/exelnut.eu\/wp-content\/uploads\/2023\/05\/ft_francisco-maia.jpeg\" class=\"attachment-full size-full wp-image-64\" alt=\"\" \/><\/figure><div class=\"elementor-image-box-content\"><h4 class=\"elementor-image-box-title\">Francisco Maia<\/h4><p class=\"elementor-image-box-description\">Gerente de FInca<\/p><\/div><\/div>\t\t\t\t<\/div>\n\t\t\t\t<\/div>\n\t\t\t\t\t<\/div>\n\t\t<\/div>\n\t\t\t\t\t<\/div>\n\t\t<\/section>\n\t\t\t\t<\/div>\n\t\t","protected":false},"excerpt":{"rendered":"<p>UN VIAJE QUE EMPEZ\u00d3 EN 2014 El viaje de Exelnut comenz\u00f3 en 2014 cuando Brigitte Leblanc, MD y Yucel Karaman, MD, distinguidos graduados de la Universidad Cat\u00f3lica de Lovaina en B\u00e9lgica, se embarcaron en un audaz proyecto familiar: cultivar nueces, un superalimento esencial para la buena salud, con respeto por la tradici\u00f3n y la naturaleza. [&hellip;]<\/p>\n","protected":false},"author":1,"featured_media":1049,"parent":0,"menu_order":0,"comment_status":"closed","ping_status":"closed","template":"","meta":{"_acf_changed":false,"footnotes":""},"class_list":["post-1045","page","type-page","status-publish","has-post-thumbnail","hentry"],"acf":[],"_links":{"self":[{"href":"https:\/\/exelnut.eu\/es\/wp-json\/wp\/v2\/pages\/1045","targetHints":{"allow":["GET"]}}],"collection":[{"href":"https:\/\/exelnut.eu\/es\/wp-json\/wp\/v2\/pages"}],"about":[{"href":"https:\/\/exelnut.eu\/es\/wp-json\/wp\/v2\/types\/page"}],"author":[{"embeddable":true,"href":"https:\/\/exelnut.eu\/es\/wp-json\/wp\/v2\/users\/1"}],"replies":[{"embeddable":true,"href":"https:\/\/exelnut.eu\/es\/wp-json\/wp\/v2\/comments?post=1045"}],"version-history":[{"count":4,"href":"https:\/\/exelnut.eu\/es\/wp-json\/wp\/v2\/pages\/1045\/revisions"}],"predecessor-version":[{"id":1572,"href":"https:\/\/exelnut.eu\/es\/wp-json\/wp\/v2\/pages\/1045\/revisions\/1572"}],"wp:featuredmedia":[{"embeddable":true,"href":"https:\/\/exelnut.eu\/es\/wp-json\/wp\/v2\/media\/1049"}],"wp:attachment":[{"href":"https:\/\/exelnut.eu\/es\/wp-json\/wp\/v2\/media?parent=1045"}],"curies":[{"name":"wp","href":"https:\/\/api.w.org\/{rel}","templated":true}]}}