{"id":999,"date":"2024-02-06T21:19:36","date_gmt":"2024-02-06T21:19:36","guid":{"rendered":"https:\/\/exelnut.eu\/verkauf\/"},"modified":"2024-02-12T11:05:48","modified_gmt":"2024-02-12T11:05:48","slug":"verkauf","status":"publish","type":"page","link":"https:\/\/exelnut.eu\/de\/verkauf\/","title":{"rendered":"Verkauf"},"content":{"rendered":"\t\t<div data-elementor-type=\"wp-page\" data-elementor-id=\"999\" class=\"elementor elementor-999 elementor-869\" data-elementor-post-type=\"page\">\n\t\t\t\t\t\t<section class=\"elementor-section elementor-top-section elementor-element elementor-element-11528a3f elementor-section-stretched elementor-section-boxed elementor-section-height-default elementor-section-height-default\" data-id=\"11528a3f\" data-element_type=\"section\" data-e-type=\"section\" data-settings=\"{&quot;stretch_section&quot;:&quot;section-stretched&quot;,&quot;jet_parallax_layout_list&quot;:[],&quot;background_background&quot;:&quot;classic&quot;}\">\n\t\t\t\t\t\t<div class=\"elementor-container elementor-column-gap-default\">\n\t\t\t\t\t<div class=\"elementor-column elementor-col-100 elementor-top-column elementor-element elementor-element-36ae2510\" data-id=\"36ae2510\" data-element_type=\"column\" data-e-type=\"column\" data-settings=\"{&quot;background_background&quot;:&quot;classic&quot;}\">\n\t\t\t<div class=\"elementor-widget-wrap elementor-element-populated\">\n\t\t\t\t\t\t<div class=\"elementor-element elementor-element-5887cc23 elementor-widget elementor-widget-heading\" data-id=\"5887cc23\" data-element_type=\"widget\" data-e-type=\"widget\" data-widget_type=\"heading.default\">\n\t\t\t\t<div class=\"elementor-widget-container\">\n\t\t\t\t\t<h2 class=\"elementor-heading-title elementor-size-default\">Unser Hauptziel ist es, die Erwartungen und Bed\u00fcrfnisse unserer Kunden zu erf\u00fcllen \nund zu befriedigen.<\/h2>\t\t\t\t<\/div>\n\t\t\t\t<\/div>\n\t\t\t\t<div class=\"elementor-element elementor-element-5d86dcac elementor-widget elementor-widget-heading\" data-id=\"5d86dcac\" data-element_type=\"widget\" data-e-type=\"widget\" data-widget_type=\"heading.default\">\n\t\t\t\t<div class=\"elementor-widget-container\">\n\t\t\t\t\t<h5 class=\"elementor-heading-title elementor-size-default\">Unsere hochspezialisierten Anlagen zum Waschen, Trocknen, Sortieren, Knacken und Verpacken von Waln\u00fcssen erm\u00f6glichen uns, \nFolgendes zu liefern und zu leisten:<\/h5>\t\t\t\t<\/div>\n\t\t\t\t<\/div>\n\t\t\t\t<section class=\"elementor-section elementor-inner-section elementor-element elementor-element-fe72d54 elementor-section-boxed elementor-section-height-default elementor-section-height-default\" data-id=\"fe72d54\" data-element_type=\"section\" data-e-type=\"section\" data-settings=\"{&quot;jet_parallax_layout_list&quot;:[]}\">\n\t\t\t\t\t\t<div class=\"elementor-container elementor-column-gap-wide\">\n\t\t\t\t\t<div class=\"elementor-column elementor-col-50 elementor-inner-column elementor-element elementor-element-2ef8afa4\" data-id=\"2ef8afa4\" data-element_type=\"column\" data-e-type=\"column\">\n\t\t\t<div class=\"elementor-widget-wrap elementor-element-populated\">\n\t\t\t\t\t\t<div class=\"elementor-element elementor-element-151e764 elementor-widget elementor-widget-text-editor\" data-id=\"151e764\" data-element_type=\"widget\" data-e-type=\"widget\" data-widget_type=\"text-editor.default\">\n\t\t\t\t<div class=\"elementor-widget-container\">\n\t\t\t\t\t\t\t\t\t<ul>\n<li>Hochwertige N\u00fcsse, welche die strengsten Hygienestandards erf\u00fcllen oder \u00fcbertreffen. Hygienestandards. Unser Verarbeitungsbetrieb ist IFS- und BRG-zertifiziert. Das gew\u00e4hrleistet eine perfekte R\u00fcckverfolgbarkeit.<\/li>\n<li>Eine gro\u00dfe Auswahl an verschiedenen Produkten, die nicht nur den Lebensmittelhandel, sondern auch das Keks- und Schokoladengewerbe \u00fcberzeugen. das Keks-, Schokoladen-<br \/>und B\u00e4ckereigewerbe.<\/li>\n<li>Was die geknackten N\u00fcsse betrifft, so werden die Produkte je nach Bedarf zusammengestellt: ganze Kerne,<br \/>Viertel, St\u00fccke in verschiedenen Mischungen. Die Waln\u00fcsse mit Schale werden sorgf\u00e4ltig nach<br \/>Gr\u00f6\u00dfe und Qualit\u00e4t sortiert.<\/li>\n<li>Verpackungen in verschiedenen Formen, Gr\u00f6\u00dfen und Qualit\u00e4ten, die f\u00fcr den Gro\u00df- oder Einzelhandel geeignet sind<br \/>und nach den W\u00fcnschen unserer Kunden zusammengestellt werden. Wir verwenden eine Verpackungstechnologie mit modifizierter Atmosph\u00e4re,<br \/>um die Haltbarkeit der Produkte zu verl\u00e4ngern.<\/li>\n<li>Wettbewerbsf\u00e4hige Preise.<\/li>\n<li>Schnelle, zuverl\u00e4ssige Lieferung in alle Teile der Welt.<\/li>\n<\/ul>\n\t\t\t\t\t\t\t\t<\/div>\n\t\t\t\t<\/div>\n\t\t\t\t\t<\/div>\n\t\t<\/div>\n\t\t\t\t<div class=\"elementor-column elementor-col-50 elementor-inner-column elementor-element elementor-element-404562a1\" data-id=\"404562a1\" data-element_type=\"column\" data-e-type=\"column\" data-settings=\"{&quot;background_background&quot;:&quot;classic&quot;}\">\n\t\t\t<div class=\"elementor-widget-wrap\">\n\t\t\t\t\t\t\t<\/div>\n\t\t<\/div>\n\t\t\t\t\t<\/div>\n\t\t<\/section>\n\t\t\t\t\t<\/div>\n\t\t<\/div>\n\t\t\t\t\t<\/div>\n\t\t<\/section>\n\t\t\t\t<\/div>\n\t\t","protected":false},"excerpt":{"rendered":"<p>Unser Hauptziel ist es, die Erwartungen und Bed\u00fcrfnisse unserer Kunden zu erf\u00fcllen und zu befriedigen. Unsere hochspezialisierten Anlagen zum Waschen, Trocknen, Sortieren, Knacken und Verpacken von Waln\u00fcssen erm\u00f6glichen uns, Folgendes zu liefern und zu leisten: Hochwertige N\u00fcsse, welche die strengsten Hygienestandards erf\u00fcllen oder \u00fcbertreffen. Hygienestandards. Unser Verarbeitungsbetrieb ist IFS- und BRG-zertifiziert. Das gew\u00e4hrleistet eine perfekte [&hellip;]<\/p>\n","protected":false},"author":1,"featured_media":993,"parent":0,"menu_order":0,"comment_status":"closed","ping_status":"closed","template":"","meta":{"_acf_changed":false,"footnotes":""},"class_list":["post-999","page","type-page","status-publish","has-post-thumbnail","hentry"],"acf":[],"_links":{"self":[{"href":"https:\/\/exelnut.eu\/de\/wp-json\/wp\/v2\/pages\/999","targetHints":{"allow":["GET"]}}],"collection":[{"href":"https:\/\/exelnut.eu\/de\/wp-json\/wp\/v2\/pages"}],"about":[{"href":"https:\/\/exelnut.eu\/de\/wp-json\/wp\/v2\/types\/page"}],"author":[{"embeddable":true,"href":"https:\/\/exelnut.eu\/de\/wp-json\/wp\/v2\/users\/1"}],"replies":[{"embeddable":true,"href":"https:\/\/exelnut.eu\/de\/wp-json\/wp\/v2\/comments?post=999"}],"version-history":[{"count":1,"href":"https:\/\/exelnut.eu\/de\/wp-json\/wp\/v2\/pages\/999\/revisions"}],"predecessor-version":[{"id":1000,"href":"https:\/\/exelnut.eu\/de\/wp-json\/wp\/v2\/pages\/999\/revisions\/1000"}],"wp:featuredmedia":[{"embeddable":true,"href":"https:\/\/exelnut.eu\/de\/wp-json\/wp\/v2\/media\/993"}],"wp:attachment":[{"href":"https:\/\/exelnut.eu\/de\/wp-json\/wp\/v2\/media?parent=999"}],"curies":[{"name":"wp","href":"https:\/\/api.w.org\/{rel}","templated":true}]}}