{"id":45,"date":"2023-05-04T05:33:31","date_gmt":"2023-05-04T15:33:31","guid":{"rendered":"https:\/\/exelnut.eu\/?page_id=45"},"modified":"2023-05-11T09:04:46","modified_gmt":"2023-05-11T08:04:46","slug":"cookies-policy","status":"publish","type":"page","link":"https:\/\/exelnut.eu\/de\/cookies-policy\/","title":{"rendered":"Cookies Policy"},"content":{"rendered":"\t\t<div data-elementor-type=\"wp-page\" data-elementor-id=\"45\" class=\"elementor elementor-45\" data-elementor-post-type=\"page\">\n\t\t\t\t\t\t<section class=\"elementor-section elementor-top-section elementor-element elementor-element-65dd1da7 elementor-section-stretched elementor-section-boxed elementor-section-height-default elementor-section-height-default\" data-id=\"65dd1da7\" data-element_type=\"section\" data-e-type=\"section\" data-settings=\"{&quot;stretch_section&quot;:&quot;section-stretched&quot;,&quot;jet_parallax_layout_list&quot;:[],&quot;background_background&quot;:&quot;classic&quot;}\">\n\t\t\t\t\t\t<div class=\"elementor-container elementor-column-gap-default\">\n\t\t\t\t\t<div class=\"elementor-column elementor-col-100 elementor-top-column elementor-element elementor-element-20550484\" data-id=\"20550484\" data-element_type=\"column\" data-e-type=\"column\" data-settings=\"{&quot;background_background&quot;:&quot;classic&quot;}\">\n\t\t\t<div class=\"elementor-widget-wrap elementor-element-populated\">\n\t\t\t\t\t\t<div class=\"elementor-element elementor-element-77c8bdf3 elementor-widget elementor-widget-heading\" data-id=\"77c8bdf3\" data-element_type=\"widget\" data-e-type=\"widget\" data-widget_type=\"heading.default\">\n\t\t\t\t<div class=\"elementor-widget-container\">\n\t\t\t\t\t<h2 class=\"elementor-heading-title elementor-size-default\">Cookies Policy<\/h2>\t\t\t\t<\/div>\n\t\t\t\t<\/div>\n\t\t\t\t<section class=\"elementor-section elementor-inner-section elementor-element elementor-element-1dae46a0 elementor-section-boxed elementor-section-height-default elementor-section-height-default\" data-id=\"1dae46a0\" data-element_type=\"section\" data-e-type=\"section\" data-settings=\"{&quot;jet_parallax_layout_list&quot;:[]}\">\n\t\t\t\t\t\t<div class=\"elementor-container elementor-column-gap-wide\">\n\t\t\t\t\t<div class=\"elementor-column elementor-col-100 elementor-inner-column elementor-element elementor-element-4fd04b16\" data-id=\"4fd04b16\" data-element_type=\"column\" data-e-type=\"column\">\n\t\t\t<div class=\"elementor-widget-wrap elementor-element-populated\">\n\t\t\t\t\t\t<div class=\"elementor-element elementor-element-2a7c90da elementor-widget elementor-widget-text-editor\" data-id=\"2a7c90da\" data-element_type=\"widget\" data-e-type=\"widget\" data-widget_type=\"text-editor.default\">\n\t\t\t\t<div class=\"elementor-widget-container\">\n\t\t\t\t\t\t\t\t\t<p><span class=\"font-lora font-22\"><strong>1. O que s\u00e3o cookies?<\/strong><\/span><\/p><p>Cookies s\u00e3o ficheiros que s\u00e3o instalados no seu browser ou dispositivo que usa para aceder a sites ou aplica\u00e7\u00f5es. Estes permitem recolher informa\u00e7\u00e3o estat\u00edstica, facilitar algumas funcionalidades t\u00e9cnicas e recolher dados sobre os h\u00e1bitos de navega\u00e7\u00e3o dos utilizadores. Note que estes n\u00e3o recolhem dados pessoais.<\/p><p>\u00a0<\/p><p><span class=\"font-lora font-22\"><strong>2. Porque usamos cookies?<\/strong><\/span><\/p><p>O nosso site usa cookies para que possa navegar mais r\u00e1pida e eficientemente no nosso site.<\/p><p>\u00a0<\/p><p><span class=\"font-lora font-22\"><strong>3. Podemos utilizar dois tipos de cookies:<\/strong><\/span><\/p><p><strong>&#8211; Cookies permanentes:<\/strong> s\u00e3o cookies que ficam guardados no seu browser ou dispositivo e s\u00e3o sempre utilizados quando faz uma nova visita ao nosso site.<\/p><p><strong>&#8211; Cookies de sess\u00e3o:<\/strong> s\u00e3o cookies tempor\u00e1rios que ficam armazenados no seu browser enquanto navega no nosso site.<\/p><p>\u00a0<\/p><p><span class=\"font-lora font-22\"><strong>4. No nosso site existem os seguintes tipos de cookies:<\/strong><\/span><\/p><p><strong>&#8211; Cookies de publicidade: <\/strong>Usamos estes cookies para tornar a publicidade mais relevante e direcionada para os utilizadores e mais rent\u00e1vel para os anunciantes.<\/p><p><strong>&#8211; Cookies anal\u00edticos:<\/strong> s\u00e3o utilizados para criar e analisar dados estat\u00edsticos sobre a utiliza\u00e7\u00e3o do site.<\/p><p>\u00a0<\/p><p><strong><span class=\"font-lora font-22\">5. Aceita\u00e7\u00e3o dos cookies<\/span><\/strong><\/p><p>Ao continuar a navegar no nosso site est\u00e1 a aceitar a utiliza\u00e7\u00e3o de cookies. Note que pode sempre alterar a sua configura\u00e7\u00e3o de cookies no seu navegador (browser). No entanto tenha em aten\u00e7\u00e3o que algumas funcionalidades ou servi\u00e7os do site podem n\u00e3o estar dispon\u00edveis.<\/p><p>\u00a0<\/p><p><strong><span class=\"font-lora font-22\">6. Altera\u00e7\u00e3o da configura\u00e7\u00e3o dos cookies e a limpeza dos mesmos<\/span><\/strong><\/p><p>Pode fazer a gest\u00e3o dos cookies diretamente no seu navegador ou dispositivo.<\/p>\t\t\t\t\t\t\t\t<\/div>\n\t\t\t\t<\/div>\n\t\t\t\t\t<\/div>\n\t\t<\/div>\n\t\t\t\t\t<\/div>\n\t\t<\/section>\n\t\t\t\t\t<\/div>\n\t\t<\/div>\n\t\t\t\t\t<\/div>\n\t\t<\/section>\n\t\t\t\t<\/div>\n\t\t","protected":false},"excerpt":{"rendered":"<p>Cookies Policy 1. O que s\u00e3o cookies? Cookies s\u00e3o ficheiros que s\u00e3o instalados no seu browser ou dispositivo que usa para aceder a sites ou aplica\u00e7\u00f5es. Estes permitem recolher informa\u00e7\u00e3o estat\u00edstica, facilitar algumas funcionalidades t\u00e9cnicas e recolher dados sobre os h\u00e1bitos de navega\u00e7\u00e3o dos utilizadores. Note que estes n\u00e3o recolhem dados pessoais. \u00a0 2. Porque [&hellip;]<\/p>\n","protected":false},"author":1,"featured_media":355,"parent":0,"menu_order":0,"comment_status":"closed","ping_status":"closed","template":"","meta":{"_acf_changed":false,"footnotes":""},"class_list":["post-45","page","type-page","status-publish","has-post-thumbnail","hentry"],"acf":[],"_links":{"self":[{"href":"https:\/\/exelnut.eu\/de\/wp-json\/wp\/v2\/pages\/45","targetHints":{"allow":["GET"]}}],"collection":[{"href":"https:\/\/exelnut.eu\/de\/wp-json\/wp\/v2\/pages"}],"about":[{"href":"https:\/\/exelnut.eu\/de\/wp-json\/wp\/v2\/types\/page"}],"author":[{"embeddable":true,"href":"https:\/\/exelnut.eu\/de\/wp-json\/wp\/v2\/users\/1"}],"replies":[{"embeddable":true,"href":"https:\/\/exelnut.eu\/de\/wp-json\/wp\/v2\/comments?post=45"}],"version-history":[{"count":0,"href":"https:\/\/exelnut.eu\/de\/wp-json\/wp\/v2\/pages\/45\/revisions"}],"wp:featuredmedia":[{"embeddable":true,"href":"https:\/\/exelnut.eu\/de\/wp-json\/wp\/v2\/media\/355"}],"wp:attachment":[{"href":"https:\/\/exelnut.eu\/de\/wp-json\/wp\/v2\/media?parent=45"}],"curies":[{"name":"wp","href":"https:\/\/api.w.org\/{rel}","templated":true}]}}